{"id":239,"date":"2013-08-22T21:52:38","date_gmt":"2013-08-22T19:52:38","guid":{"rendered":"http:\/\/www.event-fotos.net\/Wordpress\/?page_id=239"},"modified":"2013-08-28T22:05:37","modified_gmt":"2013-08-28T20:05:37","slug":"bora-daktekin-elias-mbarek","status":"publish","type":"page","link":"https:\/\/www.event-fotos.net\/Wordpress\/interviews-2\/bora-daktekin-elias-mbarek","title":{"rendered":"Bora Daktekin &#038; Elias M`Barek"},"content":{"rendered":"<p style=\"text-align: center;\"><span style=\"color: #000000;\"><b>Interview mit dem Regisseur Bora Dagtekin und Hauptdarsteller Elias \u00a0M`Barek , anl\u00e4sslich der Kinotour \u00a0des Films &#8222;T\u00fcrkisch f\u00fcr Anf\u00e4nger&#8220;.<\/b><\/span><\/p>\n<p align=\"justify\"><span style=\"color: #666699;\">Event-Fotos.net:<\/span><\/p>\n<p align=\"justify\"><span style=\"color: #666699;\">Wo wurde f\u00fcr den Film \u00fcberall gedreht ?<\/span><\/p>\n<p><span style=\"color: #000000;\"><span style=\"text-decoration: underline; color: #666699;\">Dagtekin<i>:<\/i><\/span><i>\u00a0<\/i><\/span><span style=\"color: #ff0000;\">In Thailand und in M\u00fcnchen<\/span><\/p>\n<p><span style=\"color: #666699;\">EF.n:<\/span><\/p>\n<p align=\"justify\"><span style=\"color: #666699;\">Wie lang haben die Aufnahmen gedauert ?<\/span><br \/>\n<span style=\"color: #000000;\"><br \/>\n<span style=\"text-decoration: underline; color: #666699;\"> Dagtekin<\/span><i><span style=\"color: #666699;\">:<\/span>\u00a0<\/i><span style=\"color: #ff0000;\">Genau 37,5 Tage, inklusive diverser Aufsager, Nachbearbeitung, etc.<\/span><\/span><\/p>\n<p align=\"justify\"><span style=\"color: #666699;\">EF.n:<\/span><\/p>\n<p align=\"justify\"><span style=\"color: #666699;\">Ist das die erste Kinotour f\u00fcr Sie Herr M`Barek ?<\/span><\/p>\n<p><span style=\"color: #000000;\"><span style=\"color: #666699;\"><span style=\"text-decoration: underline;\">M\u00b4Barek<\/span><i>:<\/i>\u00a0<\/span><span style=\"color: #ff0000;\">Es ist unglaublich, aber es ist bereits der 3. Film, mit dem ich auf Kinotour gehen darf. Aber diesmal ist es die Gr\u00f6\u00dfte. Wir haben ja diesmal 31 St\u00e4dte dabei.<\/span><\/span><\/p>\n<p align=\"justify\"><span style=\"color: #666699;\">EF.n:<\/span><\/p>\n<p><span style=\"color: #666699;\">Ist so eine Tour eher anstrengend, oder macht es doch auch Spa\u00df ?<\/span><\/p>\n<p><span style=\"color: #000000;\"><span style=\"color: #666699;\"><span style=\"text-decoration: underline;\">M\u00b4Barek<\/span><i>:\u00a0<\/i><\/span><span style=\"color: #ff0000;\">Es ist nat\u00fcrlich anstrengend, aber es macht auch sehr, sehr viel Spa\u00df. Es ist eine Belohnung, nach den Dreharbeiten mal mit den Fans vor Ort reden zu k\u00f6nnen und Spa\u00df zu haben.<\/span><\/span><\/p>\n<p align=\"justify\"><span style=\"color: #666699;\">EF.n:<\/span><\/p>\n<p><span style=\"color: #666699;\">Was ist der Unterschied zwischen Kinofilm und TV-Serie ?<\/span><\/p>\n<p><span style=\"color: #ff0000;\"><span style=\"color: #666699;\"><span style=\"text-decoration: underline;\">Dagtekin<\/span><i>\u00a0(lachend)<\/i>: <\/span>Die Serie dauert jeweils 30 Minuten, der Kinofilm einmal 90&#8230;<\/span><\/p>\n<p align=\"justify\"><span style=\"color: #666699;\">EF.n:<\/span><\/p>\n<p><span style=\"color: #666699;\">Lohnt es sich f\u00fcr die Fans der Serie den Kinofilm anzusehen, oder ist es etwas v\u00f6llig Neues?<\/span><\/p>\n<p><span style=\"color: #000000;\"><span style=\"color: #666699;\"><span style=\"text-decoration: underline;\">Dagtekin<\/span><i>:<\/i>\u00a0<\/span><span style=\"color: #ff0000;\">Es lohnt sich f\u00fcr alle, da wir f\u00fcr die Serienzuschauer ein paar neue Ideen eingebracht haben. Der Film ist also f\u00fcr alle neuen Zuschauer perfekt zum Einsteigen und f\u00fcr die Serien-Fans etwas zum genie\u00dfen.<\/span><\/span><\/p>\n<p align=\"justify\"><span style=\"color: #666699;\">EF.n:<\/span><\/p>\n<p><span style=\"color: #666699;\">Warum sollte man den Film gesehen haben? Was ist das Besondere an dem Film ?<\/span><\/p>\n<p><span style=\"color: #000000;\"><span style=\"color: #666699;\"><span style=\"text-decoration: underline;\">M\u00b4Barek<\/span><i>:<\/i>\u00a0<\/span><span style=\"color: #ff0000;\">Das Besondere ist diese verr\u00fcckte Familien- und Figurenkonstellation, der etwas andere Humor und die politische Unkorrektheit. Au\u00dferdem nat\u00fcrlich die au\u00dfergew\u00f6hnliche Umgebung unter Palmen, an Traumstr\u00e4nden. Es ist alles sehr gro\u00df, also sehr undeutsch.<\/span><\/span><\/p>\n<p align=\"justify\"><span style=\"color: #666699;\">EF.n:<\/span><\/p>\n<p><span style=\"color: #666699;\">Wird es eine neue Staffel der TV-Serie geben?<\/span><\/p>\n<p><span style=\"color: #000000;\"><span style=\"color: #ffffff;\"><span style=\"color: #666699;\"><span style=\"text-decoration: underline;\">Dagtekin<\/span><i>:<\/i><\/span>\u00a0<\/span><span style=\"color: #ff0000;\">Nein, es gibt definitiv keine neue Staffel mehr. Wenn \u00fcberhaupt, dann eher noch einen Kinofilm.<\/span><\/span><\/p>\n<p align=\"justify\"><span style=\"color: #666699;\">Vielen Dank f\u00fcr das Gespr\u00e4ch !<\/span><\/p>\n<p align=\"justify\"><span style=\"color: #000000;\"><i><b>\u00a9 Andreas Greven, 12.03.2012<\/b><\/i><\/span><\/p>\n","protected":false},"excerpt":{"rendered":"<p>Interview mit dem Regisseur Bora Dagtekin und Hauptdarsteller Elias \u00a0M`Barek , anl\u00e4sslich der Kinotour \u00a0des Films &#8222;T\u00fcrkisch f\u00fcr Anf\u00e4nger&#8220;. Event-Fotos.net: Wo wurde f\u00fcr den Film \u00fcberall gedreht ? Dagtekin:\u00a0In Thailand und in M\u00fcnchen EF.n: Wie lang haben die Aufnahmen gedauert ? Dagtekin:\u00a0Genau 37,5 Tage, inklusive diverser Aufsager, Nachbearbeitung, etc. EF.n: Ist das die erste Kinotour [&hellip;]<\/p>\n","protected":false},"author":1,"featured_media":0,"parent":229,"menu_order":0,"comment_status":"closed","ping_status":"closed","template":"","meta":{"_monsterinsights_skip_tracking":false,"_monsterinsights_sitenote_active":false,"_monsterinsights_sitenote_note":"","_monsterinsights_sitenote_category":0,"pgc_sgb_lightbox_settings":"","footnotes":""},"class_list":["post-239","page","type-page","status-publish","hentry"],"_links":{"self":[{"href":"https:\/\/www.event-fotos.net\/Wordpress\/wp-json\/wp\/v2\/pages\/239","targetHints":{"allow":["GET"]}}],"collection":[{"href":"https:\/\/www.event-fotos.net\/Wordpress\/wp-json\/wp\/v2\/pages"}],"about":[{"href":"https:\/\/www.event-fotos.net\/Wordpress\/wp-json\/wp\/v2\/types\/page"}],"author":[{"embeddable":true,"href":"https:\/\/www.event-fotos.net\/Wordpress\/wp-json\/wp\/v2\/users\/1"}],"replies":[{"embeddable":true,"href":"https:\/\/www.event-fotos.net\/Wordpress\/wp-json\/wp\/v2\/comments?post=239"}],"version-history":[{"count":12,"href":"https:\/\/www.event-fotos.net\/Wordpress\/wp-json\/wp\/v2\/pages\/239\/revisions"}],"predecessor-version":[{"id":502,"href":"https:\/\/www.event-fotos.net\/Wordpress\/wp-json\/wp\/v2\/pages\/239\/revisions\/502"}],"up":[{"embeddable":true,"href":"https:\/\/www.event-fotos.net\/Wordpress\/wp-json\/wp\/v2\/pages\/229"}],"wp:attachment":[{"href":"https:\/\/www.event-fotos.net\/Wordpress\/wp-json\/wp\/v2\/media?parent=239"}],"curies":[{"name":"wp","href":"https:\/\/api.w.org\/{rel}","templated":true}]}}